{"id":110,"date":"2016-03-05T18:18:36","date_gmt":"2016-03-05T16:18:36","guid":{"rendered":"http:\/\/ihed.org.tr\/?page_id=110"},"modified":"2024-01-12T10:41:51","modified_gmt":"2024-01-12T07:41:51","slug":"organlar","status":"publish","type":"page","link":"http:\/\/ihed.org.tr\/?page_id=110","title":{"rendered":"Y\u00f6netim"},"content":{"rendered":"<p>-Y\u00f6netim<\/p>\n<p>Do\u00e7.Dr. Nezir AKYE\u015e\u0130LMEN \u00a0\u2013 Ba\u015fkan<\/p>\n<p>Prof.Dr.Bilal SAMBUR \u00a0\u2013 Ba\u015fkan yard\u0131mc\u0131s\u0131<\/p>\n<p>Dr. \u00d6zg\u00fcn ORHON \u2013 Genel Sekreter<\/p>\n","protected":false},"excerpt":{"rendered":"<p>-Y\u00f6netim Do\u00e7.Dr. Nezir AKYE\u015e\u0130LMEN \u00a0\u2013 Ba\u015fkan Prof.Dr.Bilal SAMBUR \u00a0\u2013 Ba\u015fkan yard\u0131mc\u0131s\u0131 Dr. \u00d6zg\u00fcn ORHON \u2013 Genel Sekreter<\/p>\n","protected":false},"author":1,"featured_media":0,"parent":0,"menu_order":0,"comment_status":"closed","ping_status":"closed","template":"","meta":{"footnotes":""},"_links":{"self":[{"href":"http:\/\/ihed.org.tr\/index.php?rest_route=\/wp\/v2\/pages\/110"}],"collection":[{"href":"http:\/\/ihed.org.tr\/index.php?rest_route=\/wp\/v2\/pages"}],"about":[{"href":"http:\/\/ihed.org.tr\/index.php?rest_route=\/wp\/v2\/types\/page"}],"author":[{"embeddable":true,"href":"http:\/\/ihed.org.tr\/index.php?rest_route=\/wp\/v2\/users\/1"}],"replies":[{"embeddable":true,"href":"http:\/\/ihed.org.tr\/index.php?rest_route=%2Fwp%2Fv2%2Fcomments&post=110"}],"version-history":[{"count":5,"href":"http:\/\/ihed.org.tr\/index.php?rest_route=\/wp\/v2\/pages\/110\/revisions"}],"predecessor-version":[{"id":207,"href":"http:\/\/ihed.org.tr\/index.php?rest_route=\/wp\/v2\/pages\/110\/revisions\/207"}],"wp:attachment":[{"href":"http:\/\/ihed.org.tr\/index.php?rest_route=%2Fwp%2Fv2%2Fmedia&parent=110"}],"curies":[{"name":"wp","href":"https:\/\/api.w.org\/{rel}","templated":true}]}}